{"id":10100,"date":"2022-02-16T12:25:39","date_gmt":"2022-02-16T12:25:39","guid":{"rendered":"https:\/\/fink-gmbh.de\/?page_id=10100"},"modified":"2025-03-27T13:46:55","modified_gmt":"2025-03-27T12:46:55","slug":"current-operations-fink-company","status":"publish","type":"page","link":"https:\/\/fink-gmbh.de\/en\/current-operations-fink-company","title":{"rendered":"Current operations of the Fink company"},"content":{"rendered":"<div id='av_section_1'  class='avia-section main_color avia-section-default avia-no-border-styling  avia-bg-style-scroll  avia-builder-el-0  el_before_av_blog  avia-builder-el-first   container_wrap sidebar_right' style='background-color: #efefef;  margin-top:-30px; margin-bottom:0px; '  ><div class='container' ><main  role=\"main\" itemprop=\"mainContentOfPage\"  class='template-page content  av-content-small alpha units'><div class='post-entry post-entry-type-page post-entry-10100'><div class='entry-content-wrapper clearfix'>\n<div class=\"flex_column av_one_full  flex_column_div av-zero-column-padding first  avia-builder-el-1  el_before_av_hr  avia-builder-el-first  \" style='border-radius:0px; '><section class=\"av_textblock_section \"  itemscope=\"itemscope\" itemtype=\"https:\/\/schema.org\/CreativeWork\" ><div class='avia_textblock  av_inherit_color '  style='font-size:32px; color:#00a685; '  itemprop=\"text\" ><p>Current operations of the Fink company and news from the company<\/p>\n<\/div><\/section><\/div><div  style='height:30px' class='hr hr-invisible   avia-builder-el-3  el_after_av_one_full  avia-builder-el-last '><span class='hr-inner ' ><span class='hr-inner-style'><\/span><\/span><\/div>\n<\/div><\/div><\/main><!-- close content main element --><\/div><\/div><div id='after_section_1'  class='main_color av_default_container_wrap container_wrap sidebar_right' style=' '  ><div class='container' ><div class='template-page content  av-content-small alpha units'><div class='post-entry post-entry-type-page post-entry-10100'><div class='entry-content-wrapper clearfix'><div  class='av-alb-blogposts template-blog  av-blog-meta-author-disabled av-blog-meta-comments-disabled av-blog-meta-html-info-disabled av-blog-meta-tag-disabled '  itemscope=\"itemscope\" itemtype=\"https:\/\/schema.org\/Blog\" ><article class='post-entry post-entry-type-standard post-entry-10105 post-loop-1 post-parity-odd post-entry-last single-big  post-10105 post type-post status-publish format-standard hentry category-uncategorized'  itemscope=\"itemscope\" itemtype=\"https:\/\/schema.org\/BlogPosting\" ><div class='blog-meta'><\/div><div class='entry-content-wrapper clearfix standard-content'><header class=\"entry-content-header\"><h2 class='post-title entry-title '  itemprop=\"headline\" >\t<a href='https:\/\/fink-gmbh.de\/en\/current-operations-of-the-fink-company-and-news-from-the-company' rel='bookmark' title='Permanent Link: Current operations of the Fink company and news from the company'>Current operations of the Fink company and news from the company\t\t\t<span class='post-format-icon minor-meta'><\/span>\t<\/a><\/h2><span class='post-meta-infos'><time class='date-container minor-meta updated' >16. February 2022<\/time><span class='text-sep text-sep-date'>\/<\/span><span class='comment-container minor-meta'><a href=\"https:\/\/fink-gmbh.de\/en\/current-operations-of-the-fink-company-and-news-from-the-company#respond\" class=\"comments-link\" >0 Comments<\/a><\/span><span class='text-sep text-sep-comment'>\/<\/span><span class=\"blog-categories minor-meta\">in <a href=\"https:\/\/fink-gmbh.de\/en\/category\/uncategorized\" rel=\"tag\">Uncategorized<\/a> <\/span><span class=\"text-sep text-sep-cat\">\/<\/span><span class=\"blog-author minor-meta\">by <span class=\"entry-author-link\"  itemprop=\"author\" ><span class=\"author\"><span class=\"fn\"><a href=\"https:\/\/fink-gmbh.de\/en\/author\/zwiebler\" title=\"Posts by Zwiebler\" rel=\"author\">Zwiebler<\/a><\/span><\/span><\/span><\/span><\/span><\/header><div class=\"entry-content\"  itemprop=\"text\" ><h2>See the current operations of the Fink company and news from the company <a href=\"https:\/\/fink-gmbh.de\/fink-blog\">&gt;&gt; here<\/a><\/h2>\n<\/div><footer class=\"entry-footer\"><\/footer><div class='post_delimiter'><\/div><\/div><div class='post_author_timeline'><\/div><span class='hidden'>\n\t\t\t\t<span class='av-structured-data'  itemprop=\"image\" itemscope=\"itemscope\" itemtype=\"https:\/\/schema.org\/ImageObject\" >\n\t\t\t\t\t\t<span itemprop='url'>https:\/\/fink-gmbh.de\/wp-content\/uploads\/2020\/10\/Fink_logo_web_signal_green-300x123.png<\/span>\n\t\t\t\t\t\t<span itemprop='height'>0<\/span>\n\t\t\t\t\t\t<span itemprop='width'>0<\/span>\n\t\t\t\t<\/span>\n\t\t\t\t<span class='av-structured-data'  itemprop=\"publisher\" itemtype=\"https:\/\/schema.org\/Organization\" itemscope=\"itemscope\" >\n\t\t\t\t\t\t<span itemprop='name'>Zwiebler<\/span>\n\t\t\t\t\t\t<span itemprop='logo' itemscope itemtype='https:\/\/schema.org\/ImageObject'>\n\t\t\t\t\t\t\t<span itemprop='url'>https:\/\/fink-gmbh.de\/wp-content\/uploads\/2020\/10\/Fink_logo_web_signal_green-300x123.png<\/span>\n\t\t\t\t\t\t <\/span>\n\t\t\t\t<\/span><span class='av-structured-data'  itemprop=\"author\" itemscope=\"itemscope\" itemtype=\"https:\/\/schema.org\/Person\" ><span itemprop='name'>Zwiebler<\/span><\/span><span class='av-structured-data'  itemprop=\"datePublished\" datetime=\"2022-02-16T12:29:43+02:00\" >2022-02-16 12:29:43<\/span><span class='av-structured-data'  itemprop=\"dateModified\" itemtype=\"https:\/\/schema.org\/dateModified\" >2022-02-16 12:29:43<\/span><span class='av-structured-data'  itemprop=\"mainEntityOfPage\" itemtype=\"https:\/\/schema.org\/mainEntityOfPage\" ><span itemprop='name'>Current operations of the Fink company and news from the company<\/span><\/span><\/span><\/article><div class='single-big'><\/div><\/div><\/p>\n<\/div><\/div><\/div><!-- close content main div --><\/div><\/div><div id='av_section_2'  class='avia-section main_color avia-section-default avia-no-border-styling  avia-bg-style-scroll   container_wrap sidebar_right' style=' '  ><div class='container' ><div class='template-page content  av-content-small alpha units'><div class='post-entry post-entry-type-page post-entry-10100'><div class='entry-content-wrapper clearfix'>\n<div  style='height:25px' class='hr hr-invisible  '><span class='hr-inner ' ><span class='hr-inner-style'><\/span><\/span><\/div>\n<section class=\"av_textblock_section \"  itemscope=\"itemscope\" itemtype=\"https:\/\/schema.org\/BlogPosting\" itemprop=\"blogPost\" ><div class='avia_textblock  '   itemprop=\"text\" ><h1 style=\"text-align: center;\">We are the reliable partner for all our customers:<\/h1>\n<\/div><\/section>\n<div class=\"flex_column av_one_fifth  flex_column_div av-zero-column-padding first  \" style='border-radius:0px; '><p><div  class='avia-image-container avia_animated_image avia_animate_when_almost_visible bottom-to-top av-styling-    avia-align-center '  itemprop=\"image\" itemscope=\"itemscope\" itemtype=\"https:\/\/schema.org\/ImageObject\"  ><div class='avia-image-container-inner'><div class='avia-image-overlay-wrap'><a href='https:\/\/fink-gmbh.de\/private-haushalte' class='avia_image'  ><img decoding=\"async\" width=\"300\" height=\"287\" class='wp-image-9214 avia-img-lazy-loading-not-9214 avia_image' src=\"https:\/\/fink-gmbh.de\/wp-content\/uploads\/2021\/03\/schule2-300x287.jpg\" alt='Icon-Schule' title='Fink ist der Partner f\u00fcr private Haushalte, Vereine und Schulen'  itemprop=\"thumbnailUrl\" srcset=\"https:\/\/fink-gmbh.de\/wp-content\/uploads\/2021\/03\/schule2-300x287.jpg 300w, https:\/\/fink-gmbh.de\/wp-content\/uploads\/2021\/03\/schule2.jpg 512w\" sizes=\"(max-width: 300px) 100vw, 300px\" \/><\/a><\/div><\/div><\/div><br \/>\n<section class=\"av_textblock_section \"  itemscope=\"itemscope\" itemtype=\"https:\/\/schema.org\/BlogPosting\" itemprop=\"blogPost\" ><div class='avia_textblock  '   itemprop=\"text\" ><h5 style=\"text-align: center;\">Private households,<br \/>\nclubs, schools<\/h5>\n<h5 style=\"text-align: center;\"><strong>\u00a0<\/strong><\/h5>\n<\/div><\/section><\/p><\/div><div class=\"flex_column av_one_fifth  flex_column_div av-zero-column-padding   \" style='border-radius:0px; '><p><div  class='avia-image-container avia_animated_image avia_animate_when_almost_visible bottom-to-top av-styling-    avia-align-center '  itemprop=\"image\" itemscope=\"itemscope\" itemtype=\"https:\/\/schema.org\/ImageObject\"  ><div class='avia-image-container-inner'><div class='avia-image-overlay-wrap'><a href='https:\/\/fink-gmbh.de\/hausverwaltungen' class='avia_image'  ><img decoding=\"async\" width=\"300\" height=\"287\" class='wp-image-9218 avia-img-lazy-loading-not-9218 avia_image' src=\"https:\/\/fink-gmbh.de\/wp-content\/uploads\/2021\/03\/behoerde3-300x287.jpg\" alt='Fink ist der Partner f\u00fcr Haus- und Immobilienverwaltungen' title='Fink ist der Partner f\u00fcr Haus- und Immobilienverwaltungen'  itemprop=\"thumbnailUrl\" srcset=\"https:\/\/fink-gmbh.de\/wp-content\/uploads\/2021\/03\/behoerde3-300x287.jpg 300w, https:\/\/fink-gmbh.de\/wp-content\/uploads\/2021\/03\/behoerde3.jpg 512w\" sizes=\"(max-width: 300px) 100vw, 300px\" \/><\/a><\/div><\/div><\/div><br \/>\n<section class=\"av_textblock_section \"  itemscope=\"itemscope\" itemtype=\"https:\/\/schema.org\/BlogPosting\" itemprop=\"blogPost\" ><div class='avia_textblock  '   itemprop=\"text\" ><h5 style=\"text-align: center;\">Property management,<br \/>\nreal estate management<\/h5>\n<h5 style=\"text-align: center;\"><strong>\u00a0<\/strong><\/h5>\n<\/div><\/section><\/p><\/div><div class=\"flex_column av_one_fifth  flex_column_div av-zero-column-padding   \" style='border-radius:0px; '><p><div  class='avia-image-container avia_animated_image avia_animate_when_almost_visible bottom-to-top av-styling-    avia-align-center '  itemprop=\"image\" itemscope=\"itemscope\" itemtype=\"https:\/\/schema.org\/ImageObject\"  ><div class='avia-image-container-inner'><div class='avia-image-overlay-wrap'><a href='https:\/\/fink-gmbh.de\/zweckverbaende' class='avia_image'  ><img decoding=\"async\" width=\"300\" height=\"287\" class='wp-image-9211 avia-img-lazy-loading-not-9211 avia_image' src=\"https:\/\/fink-gmbh.de\/wp-content\/uploads\/2021\/03\/kh-300x287.jpg\" alt='Icon-Kommunalverwaltung' title='Fink ist der Partner f\u00fcr Kommunalverwaltungen und Zweckverb\u00e4nde'  itemprop=\"thumbnailUrl\" srcset=\"https:\/\/fink-gmbh.de\/wp-content\/uploads\/2021\/03\/kh-300x287.jpg 300w, https:\/\/fink-gmbh.de\/wp-content\/uploads\/2021\/03\/kh.jpg 512w\" sizes=\"(max-width: 300px) 100vw, 300px\" \/><\/a><\/div><\/div><\/div><br \/>\n<section class=\"av_textblock_section \"  itemscope=\"itemscope\" itemtype=\"https:\/\/schema.org\/BlogPosting\" itemprop=\"blogPost\" ><div class='avia_textblock  '   itemprop=\"text\" ><h5 style=\"text-align: center;\">Local governments,<br \/>\nspecial-purpose associations<\/h5>\n<h5 style=\"text-align: center;\"><strong>\u00a0<\/strong><\/h5>\n<\/div><\/section><\/p><\/div><div class=\"flex_column av_one_fifth  flex_column_div av-zero-column-padding   \" style='border-radius:0px; '><p><div  class='avia-image-container avia_animated_image avia_animate_when_almost_visible bottom-to-top av-styling-    avia-align-center '  itemprop=\"image\" itemscope=\"itemscope\" itemtype=\"https:\/\/schema.org\/ImageObject\"  ><div class='avia-image-container-inner'><div class='avia-image-overlay-wrap'><a href='https:\/\/fink-gmbh.de\/gastronomie-und-gewerbe' class='avia_image'  ><img decoding=\"async\" width=\"300\" height=\"287\" class='wp-image-9210 avia-img-lazy-loading-not-9210 avia_image' src=\"https:\/\/fink-gmbh.de\/wp-content\/uploads\/2021\/03\/gewerbe-300x287.jpg\" alt='Icon-Industrie' title='Fink ist der Partner f\u00fcr Gewerbe, Industrie und Gastronomie'  itemprop=\"thumbnailUrl\" srcset=\"https:\/\/fink-gmbh.de\/wp-content\/uploads\/2021\/03\/gewerbe-300x287.jpg 300w, https:\/\/fink-gmbh.de\/wp-content\/uploads\/2021\/03\/gewerbe.jpg 512w\" sizes=\"(max-width: 300px) 100vw, 300px\" \/><\/a><\/div><\/div><\/div><br \/>\n<section class=\"av_textblock_section \"  itemscope=\"itemscope\" itemtype=\"https:\/\/schema.org\/BlogPosting\" itemprop=\"blogPost\" ><div class='avia_textblock  '   itemprop=\"text\" ><h5 style=\"text-align: center;\"><strong>Business, industry,<br \/>\ngastronomy<br \/>\n<\/strong><\/h5>\n<\/div><\/section><\/p><\/div><div class=\"flex_column av_one_fifth  flex_column_div av-zero-column-padding   \" style='border-radius:0px; '><p><div  class='avia-image-container avia_animated_image avia_animate_when_almost_visible bottom-to-top av-styling-    avia-align-center '  itemprop=\"image\" itemscope=\"itemscope\" itemtype=\"https:\/\/schema.org\/ImageObject\"  ><div class='avia-image-container-inner'><div class='avia-image-overlay-wrap'><a href='https:\/\/fink-gmbh.de\/sondermuell-gefahrgut\/gefahrguteinsatze' class='avia_image'  ><img decoding=\"async\" width=\"300\" height=\"287\" class='wp-image-9217 avia-img-lazy-loading-not-9217 avia_image' src=\"https:\/\/fink-gmbh.de\/wp-content\/uploads\/2021\/03\/feuerwehr4-300x287.jpg\" alt='Gefahrguteins\u00e4tze der Fa. Fink f\u00fcr Feuerwehren' title='Fink ist der Ansprechpartner f\u00fcr Feuerwehren, Beh\u00f6rden und Gefahrguttransporte'  itemprop=\"thumbnailUrl\" srcset=\"https:\/\/fink-gmbh.de\/wp-content\/uploads\/2021\/03\/feuerwehr4-300x287.jpg 300w, https:\/\/fink-gmbh.de\/wp-content\/uploads\/2021\/03\/feuerwehr4.jpg 512w\" sizes=\"(max-width: 300px) 100vw, 300px\" \/><\/a><\/div><\/div><\/div><br \/>\n<section class=\"av_textblock_section \"  itemscope=\"itemscope\" itemtype=\"https:\/\/schema.org\/BlogPosting\" itemprop=\"blogPost\" ><div class='avia_textblock  '   itemprop=\"text\" ><h5 style=\"text-align: center;\">fire brigade, authorities,<br \/>\ntransport of dangerous goods<\/h5>\n<h5 style=\"text-align: center;\"><strong>\u00a0<\/strong><\/h5>\n<\/div><\/section><\/p><\/div>\n<\/div><\/div><\/div><!-- close content main div --><\/div><\/div><div id='after_section_2'  class='main_color av_default_container_wrap container_wrap sidebar_right' style=' '  ><div class='container' ><div class='template-page content  av-content-small alpha units'><div class='post-entry post-entry-type-page post-entry-10100'><div class='entry-content-wrapper clearfix'>\n","protected":false},"excerpt":{"rendered":"","protected":false},"author":1,"featured_media":0,"parent":0,"menu_order":13,"comment_status":"closed","ping_status":"closed","template":"","meta":{"_acf_changed":false,"footnotes":""},"class_list":["post-10100","page","type-page","status-publish","hentry"],"acf":[],"_links":{"self":[{"href":"https:\/\/fink-gmbh.de\/en\/wp-json\/wp\/v2\/pages\/10100","targetHints":{"allow":["GET"]}}],"collection":[{"href":"https:\/\/fink-gmbh.de\/en\/wp-json\/wp\/v2\/pages"}],"about":[{"href":"https:\/\/fink-gmbh.de\/en\/wp-json\/wp\/v2\/types\/page"}],"author":[{"embeddable":true,"href":"https:\/\/fink-gmbh.de\/en\/wp-json\/wp\/v2\/users\/1"}],"replies":[{"embeddable":true,"href":"https:\/\/fink-gmbh.de\/en\/wp-json\/wp\/v2\/comments?post=10100"}],"version-history":[{"count":0,"href":"https:\/\/fink-gmbh.de\/en\/wp-json\/wp\/v2\/pages\/10100\/revisions"}],"wp:attachment":[{"href":"https:\/\/fink-gmbh.de\/en\/wp-json\/wp\/v2\/media?parent=10100"}],"curies":[{"name":"wp","href":"https:\/\/api.w.org\/{rel}","templated":true}]}}