{"id":10193,"date":"2022-02-17T16:06:06","date_gmt":"2022-02-17T16:06:06","guid":{"rendered":"https:\/\/fink-gmbh.de\/?page_id=10193"},"modified":"2025-03-27T13:43:43","modified_gmt":"2025-03-27T12:43:43","slug":"waste-transport-dangerous-goods","status":"publish","type":"page","link":"https:\/\/fink-gmbh.de\/en\/waste-transport-dangerous-goods","title":{"rendered":"Waste Dangerous Goods"},"content":{"rendered":"<div id='av_section_1'  class='avia-section main_color avia-section-default avia-no-border-styling  avia-bg-style-scroll  avia-builder-el-0  el_before_av_section  avia-builder-el-first   container_wrap sidebar_right' style='background-color: #efefef;  margin-top:-30px; margin-bottom:0px; '  ><div class='container' ><main  role=\"main\" itemprop=\"mainContentOfPage\"  class='template-page content  av-content-small alpha units'><div class='post-entry post-entry-type-page post-entry-10193'><div class='entry-content-wrapper clearfix'>\n<div class=\"flex_column av_one_full  flex_column_div av-zero-column-padding first  avia-builder-el-1  el_before_av_one_full  avia-builder-el-first  \" style='border-radius:0px; '><section class=\"av_textblock_section \"  itemscope=\"itemscope\" itemtype=\"https:\/\/schema.org\/CreativeWork\" ><div class='avia_textblock  av_inherit_color '  style='font-size:32px; color:#00a685; '  itemprop=\"text\" ><p>Abwasser\u00a0 \/ Kanal<\/p>\n<p>Reinigung \/ Entsorgung<\/p>\n<p>Sonderm\u00fcll \/ Gefahrgut<\/p>\n<\/div><\/section><\/div><div class=\"flex_column av_one_full  flex_column_div av-zero-column-padding first  avia-builder-el-3  el_after_av_one_full  el_before_av_hr  column-top-margin\" style='margin-top:-35px; margin-bottom:0px; border-radius:0px; '><\/div><div  style='height:30px' class='hr hr-invisible   avia-builder-el-4  el_after_av_one_full  avia-builder-el-last '><span class='hr-inner ' ><span class='hr-inner-style'><\/span><\/span><\/div>\n<\/div><\/div><\/main><!-- close content main element --><\/div><\/div><div id='av_section_2'  class='avia-section main_color avia-section-default avia-no-border-styling  avia-bg-style-scroll  avia-builder-el-5  el_after_av_section  avia-builder-el-last   container_wrap sidebar_right' style=' '  ><div class='container' ><div class='template-page content  av-content-small alpha units'><div class='post-entry post-entry-type-page post-entry-10193'><div class='entry-content-wrapper clearfix'>\n<div  style='height:25px' class='hr hr-invisible   avia-builder-el-6  el_before_av_textblock  avia-builder-el-first '><span class='hr-inner ' ><span class='hr-inner-style'><\/span><\/span><\/div>\n<section class=\"av_textblock_section \"  itemscope=\"itemscope\" itemtype=\"https:\/\/schema.org\/CreativeWork\" ><div class='avia_textblock  '   itemprop=\"text\" ><h1 style=\"text-align: center;\"><span class=\"ez-toc-section\" id=\"We_are_the_reliable_partner_for_all_our_customers\"><\/span>We are the reliable partner for all our customers:<span class=\"ez-toc-section-end\"><\/span><\/h1>\n<\/div><\/section>\n<div class=\"flex_column av_one_fifth  flex_column_div av-zero-column-padding first  avia-builder-el-8  el_after_av_textblock  el_before_av_one_fifth  column-top-margin\" style='border-radius:0px; '><p><div  class='avia-image-container avia_animated_image avia_animate_when_almost_visible bottom-to-top av-styling-    avia-builder-el-9  el_before_av_textblock  avia-builder-el-first  avia-align-center '  itemprop=\"image\" itemscope=\"itemscope\" itemtype=\"https:\/\/schema.org\/ImageObject\"  ><div class='avia-image-container-inner'><div class='avia-image-overlay-wrap'><a href='https:\/\/fink-gmbh.de\/private-haushalte' class='avia_image'  ><img decoding=\"async\" width=\"300\" height=\"287\" class='wp-image-9214 avia-img-lazy-loading-not-9214 avia_image' src=\"https:\/\/fink-gmbh.de\/wp-content\/uploads\/2021\/03\/schule2-300x287.jpg\" alt='Icon-Schule' title='Fink ist der Partner f\u00fcr private Haushalte, Vereine und Schulen'  itemprop=\"thumbnailUrl\" srcset=\"https:\/\/fink-gmbh.de\/wp-content\/uploads\/2021\/03\/schule2-300x287.jpg 300w, https:\/\/fink-gmbh.de\/wp-content\/uploads\/2021\/03\/schule2.jpg 512w\" sizes=\"(max-width: 300px) 100vw, 300px\" \/><\/a><\/div><\/div><\/div><br \/>\n<section class=\"av_textblock_section \"  itemscope=\"itemscope\" itemtype=\"https:\/\/schema.org\/CreativeWork\" ><div class='avia_textblock  '   itemprop=\"text\" ><h5 style=\"text-align: center;\"><span class=\"ez-toc-section\" id=\"Private_households_clubs_schools\"><\/span>Private households,<br \/>\nclubs, schools<span class=\"ez-toc-section-end\"><\/span><\/h5>\n<h5 style=\"text-align: center;\"><span class=\"ez-toc-section\" id=\"i\"><\/span><strong>\u00a0<\/strong><span class=\"ez-toc-section-end\"><\/span><\/h5>\n<\/div><\/section><\/p><\/div><div class=\"flex_column av_one_fifth  flex_column_div av-zero-column-padding   avia-builder-el-11  el_after_av_one_fifth  el_before_av_one_fifth  column-top-margin\" style='border-radius:0px; '><p><div  class='avia-image-container avia_animated_image avia_animate_when_almost_visible bottom-to-top av-styling-    avia-builder-el-12  el_before_av_textblock  avia-builder-el-first  avia-align-center '  itemprop=\"image\" itemscope=\"itemscope\" itemtype=\"https:\/\/schema.org\/ImageObject\"  ><div class='avia-image-container-inner'><div class='avia-image-overlay-wrap'><a href='https:\/\/fink-gmbh.de\/hausverwaltungen' class='avia_image'  ><img decoding=\"async\" width=\"300\" height=\"287\" class='wp-image-9218 avia-img-lazy-loading-not-9218 avia_image' src=\"https:\/\/fink-gmbh.de\/wp-content\/uploads\/2021\/03\/behoerde3-300x287.jpg\" alt='Fink ist der Partner f\u00fcr Haus- und Immobilienverwaltungen' title='Fink ist der Partner f\u00fcr Haus- und Immobilienverwaltungen'  itemprop=\"thumbnailUrl\" srcset=\"https:\/\/fink-gmbh.de\/wp-content\/uploads\/2021\/03\/behoerde3-300x287.jpg 300w, https:\/\/fink-gmbh.de\/wp-content\/uploads\/2021\/03\/behoerde3.jpg 512w\" sizes=\"(max-width: 300px) 100vw, 300px\" \/><\/a><\/div><\/div><\/div><br \/>\n<section class=\"av_textblock_section \"  itemscope=\"itemscope\" itemtype=\"https:\/\/schema.org\/CreativeWork\" ><div class='avia_textblock  '   itemprop=\"text\" ><h5 style=\"text-align: center;\"><span class=\"ez-toc-section\" id=\"Property_management_real_estate_management\"><\/span>Property management,<br \/>\nreal estate management<span class=\"ez-toc-section-end\"><\/span><\/h5>\n<h5 style=\"text-align: center;\"><span class=\"ez-toc-section\" id=\"i-2\"><\/span><strong>\u00a0<\/strong><span class=\"ez-toc-section-end\"><\/span><\/h5>\n<\/div><\/section><\/p><\/div><div class=\"flex_column av_one_fifth  flex_column_div av-zero-column-padding   avia-builder-el-14  el_after_av_one_fifth  el_before_av_one_fifth  column-top-margin\" style='border-radius:0px; '><p><div  class='avia-image-container avia_animated_image avia_animate_when_almost_visible bottom-to-top av-styling-    avia-builder-el-15  el_before_av_textblock  avia-builder-el-first  avia-align-center '  itemprop=\"image\" itemscope=\"itemscope\" itemtype=\"https:\/\/schema.org\/ImageObject\"  ><div class='avia-image-container-inner'><div class='avia-image-overlay-wrap'><a href='https:\/\/fink-gmbh.de\/zweckverbaende' class='avia_image'  ><img decoding=\"async\" width=\"300\" height=\"287\" class='wp-image-9211 avia-img-lazy-loading-not-9211 avia_image' src=\"https:\/\/fink-gmbh.de\/wp-content\/uploads\/2021\/03\/kh-300x287.jpg\" alt='Icon-Kommunalverwaltung' title='Fink ist der Partner f\u00fcr Kommunalverwaltungen und Zweckverb\u00e4nde'  itemprop=\"thumbnailUrl\" srcset=\"https:\/\/fink-gmbh.de\/wp-content\/uploads\/2021\/03\/kh-300x287.jpg 300w, https:\/\/fink-gmbh.de\/wp-content\/uploads\/2021\/03\/kh.jpg 512w\" sizes=\"(max-width: 300px) 100vw, 300px\" \/><\/a><\/div><\/div><\/div><br \/>\n<section class=\"av_textblock_section \"  itemscope=\"itemscope\" itemtype=\"https:\/\/schema.org\/CreativeWork\" ><div class='avia_textblock  '   itemprop=\"text\" ><h5 style=\"text-align: center;\"><span class=\"ez-toc-section\" id=\"Local_governments_special-purpose_associations\"><\/span>Local governments,<br \/>\nspecial-purpose associations<span class=\"ez-toc-section-end\"><\/span><\/h5>\n<h5 style=\"text-align: center;\"><span class=\"ez-toc-section\" id=\"i-3\"><\/span><strong>\u00a0<\/strong><span class=\"ez-toc-section-end\"><\/span><\/h5>\n<\/div><\/section><\/p><\/div><div class=\"flex_column av_one_fifth  flex_column_div av-zero-column-padding   avia-builder-el-17  el_after_av_one_fifth  el_before_av_one_fifth  column-top-margin\" style='border-radius:0px; '><p><div  class='avia-image-container avia_animated_image avia_animate_when_almost_visible bottom-to-top av-styling-    avia-builder-el-18  el_before_av_textblock  avia-builder-el-first  avia-align-center '  itemprop=\"image\" itemscope=\"itemscope\" itemtype=\"https:\/\/schema.org\/ImageObject\"  ><div class='avia-image-container-inner'><div class='avia-image-overlay-wrap'><a href='https:\/\/fink-gmbh.de\/gastronomie-und-gewerbe' class='avia_image'  ><img decoding=\"async\" width=\"300\" height=\"287\" class='wp-image-9210 avia-img-lazy-loading-not-9210 avia_image' src=\"https:\/\/fink-gmbh.de\/wp-content\/uploads\/2021\/03\/gewerbe-300x287.jpg\" alt='Icon-Industrie' title='Fink ist der Partner f\u00fcr Gewerbe, Industrie und Gastronomie'  itemprop=\"thumbnailUrl\" srcset=\"https:\/\/fink-gmbh.de\/wp-content\/uploads\/2021\/03\/gewerbe-300x287.jpg 300w, https:\/\/fink-gmbh.de\/wp-content\/uploads\/2021\/03\/gewerbe.jpg 512w\" sizes=\"(max-width: 300px) 100vw, 300px\" \/><\/a><\/div><\/div><\/div><br \/>\n<section class=\"av_textblock_section \"  itemscope=\"itemscope\" itemtype=\"https:\/\/schema.org\/CreativeWork\" ><div class='avia_textblock  '   itemprop=\"text\" ><h5 style=\"text-align: center;\"><span class=\"ez-toc-section\" id=\"Business_industry_gastronomy\"><\/span><strong>Business, industry,<br \/>\ngastronomy<br \/>\n<\/strong><span class=\"ez-toc-section-end\"><\/span><\/h5>\n<\/div><\/section><\/p><\/div><div class=\"flex_column av_one_fifth  flex_column_div av-zero-column-padding   avia-builder-el-20  el_after_av_one_fifth  avia-builder-el-last  column-top-margin\" style='border-radius:0px; '><p><div  class='avia-image-container avia_animated_image avia_animate_when_almost_visible bottom-to-top av-styling-    avia-builder-el-21  el_before_av_textblock  avia-builder-el-first  avia-align-center '  itemprop=\"image\" itemscope=\"itemscope\" itemtype=\"https:\/\/schema.org\/ImageObject\"  ><div class='avia-image-container-inner'><div class='avia-image-overlay-wrap'><a href='https:\/\/fink-gmbh.de\/sondermuell-gefahrgut\/gefahrguteinsatze' class='avia_image'  ><img decoding=\"async\" width=\"300\" height=\"287\" class='wp-image-9217 avia-img-lazy-loading-not-9217 avia_image' src=\"https:\/\/fink-gmbh.de\/wp-content\/uploads\/2021\/03\/feuerwehr4-300x287.jpg\" alt='Gefahrguteins\u00e4tze der Fa. Fink f\u00fcr Feuerwehren' title='Fink ist der Ansprechpartner f\u00fcr Feuerwehren, Beh\u00f6rden und Gefahrguttransporte'  itemprop=\"thumbnailUrl\" srcset=\"https:\/\/fink-gmbh.de\/wp-content\/uploads\/2021\/03\/feuerwehr4-300x287.jpg 300w, https:\/\/fink-gmbh.de\/wp-content\/uploads\/2021\/03\/feuerwehr4.jpg 512w\" sizes=\"(max-width: 300px) 100vw, 300px\" \/><\/a><\/div><\/div><\/div><br \/>\n<section class=\"av_textblock_section \"  itemscope=\"itemscope\" itemtype=\"https:\/\/schema.org\/CreativeWork\" ><div class='avia_textblock  '   itemprop=\"text\" ><h5 style=\"text-align: center;\"><span class=\"ez-toc-section\" id=\"fire_brigade_authorities_transport_of_dangerous_goods\"><\/span>fire brigade, authorities,<br \/>\ntransport of dangerous goods<span class=\"ez-toc-section-end\"><\/span><\/h5>\n<h5 style=\"text-align: center;\"><span class=\"ez-toc-section\" id=\"i-4\"><\/span><strong>\u00a0<\/strong><span class=\"ez-toc-section-end\"><\/span><\/h5>\n<\/div><\/section><\/p><\/div>\n<\/div><\/div><\/div><!-- close content main div --><\/div><\/div><div id='after_section_2'  class='main_color av_default_container_wrap container_wrap sidebar_right' style=' '  ><div class='container' ><div class='template-page content  av-content-small alpha units'><div class='post-entry post-entry-type-page post-entry-10193'><div class='entry-content-wrapper clearfix'><\/p>\n<div id=\"ez-toc-container\" class=\"ez-toc-v2_0_82_2 counter-hierarchy ez-toc-counter ez-toc-grey ez-toc-container-direction\">\n<div class=\"ez-toc-title-container\">\n<p class=\"ez-toc-title\" style=\"cursor:inherit\">Inhaltsverzeichnis<\/p>\n<span class=\"ez-toc-title-toggle\"><a href=\"#\" class=\"ez-toc-pull-right ez-toc-btn ez-toc-btn-xs ez-toc-btn-default ez-toc-toggle\" aria-label=\"Toggle Table of Content\"><span class=\"ez-toc-js-icon-con\"><span class=\"\"><span class=\"eztoc-hide\" style=\"display:none;\">Toggle<\/span><span class=\"ez-toc-icon-toggle-span\"><svg style=\"fill: #999;color:#999\" xmlns=\"http:\/\/www.w3.org\/2000\/svg\" class=\"list-377408\" width=\"20px\" height=\"20px\" viewBox=\"0 0 24 24\" fill=\"none\"><path d=\"M6 6H4v2h2V6zm14 0H8v2h12V6zM4 11h2v2H4v-2zm16 0H8v2h12v-2zM4 16h2v2H4v-2zm16 0H8v2h12v-2z\" fill=\"currentColor\"><\/path><\/svg><svg style=\"fill: #999;color:#999\" class=\"arrow-unsorted-368013\" xmlns=\"http:\/\/www.w3.org\/2000\/svg\" width=\"10px\" height=\"10px\" viewBox=\"0 0 24 24\" version=\"1.2\" baseProfile=\"tiny\"><path d=\"M18.2 9.3l-6.2-6.3-6.2 6.3c-.2.2-.3.4-.3.7s.1.5.3.7c.2.2.4.3.7.3h11c.3 0 .5-.1.7-.3.2-.2.3-.5.3-.7s-.1-.5-.3-.7zM5.8 14.7l6.2 6.3 6.2-6.3c.2-.2.3-.5.3-.7s-.1-.5-.3-.7c-.2-.2-.4-.3-.7-.3h-11c-.3 0-.5.1-.7.3-.2.2-.3.5-.3.7s.1.5.3.7z\"\/><\/svg><\/span><\/span><\/span><\/a><\/span><\/div>\n<nav><ul class='ez-toc-list ez-toc-list-level-1 eztoc-toggle-hide-by-default' ><li class='ez-toc-page-1 ez-toc-heading-level-1'><a class=\"ez-toc-link ez-toc-heading-1\" href=\"https:\/\/fink-gmbh.de\/en\/waste-transport-dangerous-goods\/#We_are_the_reliable_partner_for_all_our_customers\" >We are the reliable partner for all our customers:<\/a><ul class='ez-toc-list-level-5' ><li class='ez-toc-heading-level-5'><ul class='ez-toc-list-level-5' ><li class='ez-toc-heading-level-5'><ul class='ez-toc-list-level-5' ><li class='ez-toc-heading-level-5'><ul class='ez-toc-list-level-5' ><li class='ez-toc-heading-level-5'><a class=\"ez-toc-link ez-toc-heading-2\" href=\"https:\/\/fink-gmbh.de\/en\/waste-transport-dangerous-goods\/#Private_households_clubs_schools\" >Private households, \nclubs, schools<\/a><\/li><li class='ez-toc-page-1 ez-toc-heading-level-5'><a class=\"ez-toc-link ez-toc-heading-3\" href=\"https:\/\/fink-gmbh.de\/en\/waste-transport-dangerous-goods\/#i\" >\u00a0<\/a><\/li><li class='ez-toc-page-1 ez-toc-heading-level-5'><a class=\"ez-toc-link ez-toc-heading-4\" href=\"https:\/\/fink-gmbh.de\/en\/waste-transport-dangerous-goods\/#Property_management_real_estate_management\" >Property management, \nreal estate management<\/a><\/li><li class='ez-toc-page-1 ez-toc-heading-level-5'><a class=\"ez-toc-link ez-toc-heading-5\" href=\"https:\/\/fink-gmbh.de\/en\/waste-transport-dangerous-goods\/#i-2\" >\u00a0<\/a><\/li><li class='ez-toc-page-1 ez-toc-heading-level-5'><a class=\"ez-toc-link ez-toc-heading-6\" href=\"https:\/\/fink-gmbh.de\/en\/waste-transport-dangerous-goods\/#Local_governments_special-purpose_associations\" >Local governments, \nspecial-purpose associations<\/a><\/li><li class='ez-toc-page-1 ez-toc-heading-level-5'><a class=\"ez-toc-link ez-toc-heading-7\" href=\"https:\/\/fink-gmbh.de\/en\/waste-transport-dangerous-goods\/#i-3\" >\u00a0<\/a><\/li><li class='ez-toc-page-1 ez-toc-heading-level-5'><a class=\"ez-toc-link ez-toc-heading-8\" href=\"https:\/\/fink-gmbh.de\/en\/waste-transport-dangerous-goods\/#Business_industry_gastronomy\" >Business, industry, \ngastronomy<\/a><\/li><li class='ez-toc-page-1 ez-toc-heading-level-5'><a class=\"ez-toc-link ez-toc-heading-9\" href=\"https:\/\/fink-gmbh.de\/en\/waste-transport-dangerous-goods\/#fire_brigade_authorities_transport_of_dangerous_goods\" >fire brigade, authorities, \ntransport of dangerous goods<\/a><\/li><li class='ez-toc-page-1 ez-toc-heading-level-5'><a class=\"ez-toc-link ez-toc-heading-10\" href=\"https:\/\/fink-gmbh.de\/en\/waste-transport-dangerous-goods\/#i-4\" >\u00a0<\/a><\/li><\/ul><\/li><\/ul><\/li><\/ul><\/li><\/ul><\/li><\/ul><\/nav><\/div>\n","protected":false},"excerpt":{"rendered":"","protected":false},"author":1,"featured_media":0,"parent":0,"menu_order":70,"comment_status":"closed","ping_status":"closed","template":"","meta":{"_acf_changed":false,"footnotes":""},"class_list":["post-10193","page","type-page","status-publish","hentry"],"acf":[],"_links":{"self":[{"href":"https:\/\/fink-gmbh.de\/en\/wp-json\/wp\/v2\/pages\/10193","targetHints":{"allow":["GET"]}}],"collection":[{"href":"https:\/\/fink-gmbh.de\/en\/wp-json\/wp\/v2\/pages"}],"about":[{"href":"https:\/\/fink-gmbh.de\/en\/wp-json\/wp\/v2\/types\/page"}],"author":[{"embeddable":true,"href":"https:\/\/fink-gmbh.de\/en\/wp-json\/wp\/v2\/users\/1"}],"replies":[{"embeddable":true,"href":"https:\/\/fink-gmbh.de\/en\/wp-json\/wp\/v2\/comments?post=10193"}],"version-history":[{"count":0,"href":"https:\/\/fink-gmbh.de\/en\/wp-json\/wp\/v2\/pages\/10193\/revisions"}],"wp:attachment":[{"href":"https:\/\/fink-gmbh.de\/en\/wp-json\/wp\/v2\/media?parent=10193"}],"curies":[{"name":"wp","href":"https:\/\/api.w.org\/{rel}","templated":true}]}}